{"id":22,"date":"2013-01-09T18:42:49","date_gmt":"2013-01-09T18:42:49","guid":{"rendered":"http:\/\/genitoricastione.wordpress.com\/?page_id=22"},"modified":"2013-01-09T18:42:49","modified_gmt":"2013-01-09T18:42:49","slug":"statuti","status":"publish","type":"page","link":"https:\/\/genitoricastione.ch\/index.php\/statuti\/","title":{"rendered":"Statuti"},"content":{"rendered":"<p><strong>Art. 1 Composizione<\/strong><\/p>\n<p>L&#8217;Assemblea dei genitori \u00e8 la riunione di tutti i detentori dell&#8217;Autorit\u00e0 parentale sugli allievi iscritti all\u2019istituto.<\/p>\n<p><strong>Art. 2 Riunione dell\u2019assemblea<\/strong><\/p>\n<p>Durante l&#8217;anno scolastico si terr\u00e0 un\u2019assemblea ordinaria entro due mesi dall\u2019inizio dell&#8217;anno scolastico.<\/p>\n<p>L&#8217;Assemblea \u00e8 convocata in riunione straordinaria dal Comitato ogni qualvolta \u00e8 ritenuto necessario o su richiesta di almeno 1\/10 degli aventi diritto di voto.<\/p>\n<p>Ogni convocazione, sia essa ordinaria o straordinaria- deve avvenire con un preavviso di almeno dieci giorni.<\/p>\n<p>Uno o pi\u00f9 m\u00e8mbri del Consiglio di direzione, possono essere invitati all&#8217;Assemblea.<\/p>\n<p><strong>Art. 3 Compiti dell\u2019Assemblea<\/strong><\/p>\n<p>Oltre ai compiti previsti dall&#8217;art. 42 della Legge della scuola, l&#8217;Assemblea dei genitori:<br \/>\na) approva lo statuto ed eventuali modifiche<br \/>\nb) nomina il Comitato e il Presidente<br \/>\ne) approva l&#8217;operato del Comitato<br \/>\nd) suggerisce argomenti o mozioni all\u2019attenzione del Comitato<br \/>\ne) nomina 2 revisori e approva i conti.<\/p>\n<p><strong>Art. 4 Diritto di voto<\/strong><\/p>\n<p>In Assemblea ogni genitore o detentore dell&#8217;autorit\u00e0 parentale ha diritto ad un voto indipendentemente dal numero dei figli che frequentano l&#8217;istituto.<\/p>\n<p><strong>Art. 5 Comitato<\/strong><\/p>\n<p>II Comitato \u00e9 l&#8217;organo esecutivo dell&#8217;Assemblea dei genitori. \u00e8 composto da 5 a 15 membri eletti dall&#8217;Assemblea. Per la sua composizione si terr\u00e0 possibilmente conto:<br \/>\n&#8211; della rappresentanza dei Comuni del comprensorio<br \/>\n&#8211; della rappresentanza dei quattro anni scolastici.<\/p>\n<p>Il Comitato sta in carica un anno e i suoi m\u00e8mbri sono rieleggibili.<\/p>\n<p>Il Comitato nomina nel suo interno un(a) vicepresidente, un (a) segretario(a) ed un(a)<br \/>\ncassiere\/a).<\/p>\n<p><strong>Art. 6 Nomine<\/strong><\/p>\n<p>La nomina del Comitato avviene durante l&#8217;Assemblea ordinaria.<\/p>\n<p>I candidati devono dichiarare l&#8217;accettazione della propria candidatura.<\/p>\n<p><strong>Art. 7 Deliberazioni<\/strong><\/p>\n<p>Normalmente l&#8217;Assemblea \u00e8 diretta dal Presidente del Comitato.<\/p>\n<p>L&#8217;Assemblea pu\u00f2 validamente deliberare indipendentemente dal numero degli aventi diritto di voto presenti.<\/p>\n<p>In caso di parit\u00e0 decide il voto del Presidente, il voto per delega non \u00e8 ammesso.<\/p>\n<p><strong>Art. 8 Compiti del Comitato<\/strong><\/p>\n<p>II Comitato:<br \/>\na) convoca l&#8217;Assemblea<br \/>\nb) elabora proposte da sottoporre all&#8217;Assemblea<br \/>\nc) elabora e rende operanti le decisioni prese dall&#8217;Assemblea<br \/>\nd) discute e decide sulle modalit\u00e0 e possibilit\u00e0 di collaborazione con la scuola nello<br \/>\nsvolgimento dei suoi compiti educativi<br \/>\ne) rende conto all\u2019Assemblea sull\u2019 attivit\u00e0 svolta<br \/>\nf) collabora e promuove l\u2019organizzazione di attivit\u00e0 culturali ed educative.<\/p>\n<p><strong>Art. 9 Scioglimento dell\u2019Assemblea.<\/strong><\/p>\n<p>Dev&#8217;essere deciso da un&#8217;Assemblea ordinaria o straordinaria e con il voto di almeno i 2\/3 degli aventi diritto presenti. Essa statuir\u00e0 anche sulla destinazione di eventuali beni appartenenti all&#8217;Assemblea.<\/p>\n<p><strong>Art. 10 Entrata in vigore<\/strong><\/p>\n<p>II presente statuto entra in vigore con l&#8217;approvazione da parte dell&#8217;Assemblea dei genitori tenutasi a Castione il 22 ottobre 2003, riservata la ratifica da parte del Consiglio di direzione.<\/p>\n","protected":false},"excerpt":{"rendered":"<p>Art. 1 Composizione L&#8217;Assemblea dei genitori \u00e8 la riunione di tutti i detentori dell&#8217;Autorit\u00e0 parentale sugli allievi iscritti all\u2019istituto. Art. 2 Riunione dell\u2019assemblea Durante l&#8217;anno scolastico si terr\u00e0 un\u2019assemblea ordinaria entro due mesi dall\u2019inizio dell&#8217;anno scolastico. L&#8217;Assemblea \u00e8 convocata in &hellip; <a href=\"https:\/\/genitoricastione.ch\/index.php\/statuti\/\">Continua a leggere<span class=\"meta-nav\">&rarr;<\/span><\/a><\/p>\n","protected":false},"author":1,"featured_media":0,"parent":0,"menu_order":0,"comment_status":"closed","ping_status":"closed","template":"","meta":{"jetpack_post_was_ever_published":false,"footnotes":""},"class_list":["post-22","page","type-page","status-publish","hentry"],"jetpack_sharing_enabled":false,"_links":{"self":[{"href":"https:\/\/genitoricastione.ch\/index.php\/wp-json\/wp\/v2\/pages\/22","targetHints":{"allow":["GET"]}}],"collection":[{"href":"https:\/\/genitoricastione.ch\/index.php\/wp-json\/wp\/v2\/pages"}],"about":[{"href":"https:\/\/genitoricastione.ch\/index.php\/wp-json\/wp\/v2\/types\/page"}],"author":[{"embeddable":true,"href":"https:\/\/genitoricastione.ch\/index.php\/wp-json\/wp\/v2\/users\/1"}],"replies":[{"embeddable":true,"href":"https:\/\/genitoricastione.ch\/index.php\/wp-json\/wp\/v2\/comments?post=22"}],"version-history":[{"count":0,"href":"https:\/\/genitoricastione.ch\/index.php\/wp-json\/wp\/v2\/pages\/22\/revisions"}],"wp:attachment":[{"href":"https:\/\/genitoricastione.ch\/index.php\/wp-json\/wp\/v2\/media?parent=22"}],"curies":[{"name":"wp","href":"https:\/\/api.w.org\/{rel}","templated":true}]}}